{"id":455,"date":"2021-01-18T21:51:29","date_gmt":"2021-01-18T18:51:29","guid":{"rendered":"http:\/\/www.lucentmaritime.com\/?page_id=455"},"modified":"2025-05-16T14:55:26","modified_gmt":"2025-05-16T11:55:26","slug":"kisisel-verilerin-korunmasi-kanunu","status":"publish","type":"page","link":"https:\/\/www.lucentmaritime.com\/?page_id=455","title":{"rendered":"K\u0130\u015e\u0130SEL VER\u0130LER\u0130N KORUNMASI KANUNU"},"content":{"rendered":"\n<p><a href=\"https:\/\/www.lucentmaritime.com\/?page_id=581\" target=\"_blank\" rel=\"noreferrer noopener\">Ayd\u0131nlatma Metinleri i\u00e7in&nbsp;t\u0131klay\u0131n\u0131z.<\/a><\/p>\n\n\n\n<p><a href=\"https:\/\/www.lucentmaritime.com\/wp-content\/uploads\/2025\/05\/PHB_20250509_Makzume_KVK_Lucent_Cookie_V4.pdf\" data-type=\"link\" data-id=\"http:\/\/www.lucentmaritime.com\/wp-content\/uploads\/2024\/10\/Lucent-Cerez-Politikasi-15-08-2024.pdf\" target=\"_blank\" rel=\"noreferrer noopener\">Web Sitesi \u00c7erez Politikas\u0131 i\u00e7in\u00a0t\u0131klay\u0131n\u0131z.<\/a><\/p>\n\n\n\n<p><a href=\"http:\/\/www.lucentmaritime.com\/wp-content\/uploads\/2024\/10\/Lucent-Veri-Sahibi-Basvuru-Formu.pdf\" target=\"_blank\" rel=\"noreferrer noopener\">Veri Sahibi Ba\u015fvuru Formu i\u00e7in t\u0131klay\u0131n\u0131z.<\/a><\/p>\n\n\n\n<p><\/p>\n","protected":false},"excerpt":{"rendered":"<p>Ayd\u0131nlatma Metinleri i\u00e7in&nbsp;t\u0131klay\u0131n\u0131z. Web Sitesi \u00c7erez Politikas\u0131 i\u00e7in\u00a0t\u0131klay\u0131n\u0131z. Veri Sahibi Ba\u015fvuru Formu i\u00e7in t\u0131klay\u0131n\u0131z.<\/p>\n","protected":false},"author":1,"featured_media":0,"parent":0,"menu_order":0,"comment_status":"closed","ping_status":"closed","template":"","meta":{"footnotes":""},"class_list":["post-455","page","type-page","status-publish","hentry"],"_links":{"self":[{"href":"https:\/\/www.lucentmaritime.com\/index.php?rest_route=\/wp\/v2\/pages\/455","targetHints":{"allow":["GET"]}}],"collection":[{"href":"https:\/\/www.lucentmaritime.com\/index.php?rest_route=\/wp\/v2\/pages"}],"about":[{"href":"https:\/\/www.lucentmaritime.com\/index.php?rest_route=\/wp\/v2\/types\/page"}],"author":[{"embeddable":true,"href":"https:\/\/www.lucentmaritime.com\/index.php?rest_route=\/wp\/v2\/users\/1"}],"replies":[{"embeddable":true,"href":"https:\/\/www.lucentmaritime.com\/index.php?rest_route=%2Fwp%2Fv2%2Fcomments&post=455"}],"version-history":[{"count":14,"href":"https:\/\/www.lucentmaritime.com\/index.php?rest_route=\/wp\/v2\/pages\/455\/revisions"}],"predecessor-version":[{"id":676,"href":"https:\/\/www.lucentmaritime.com\/index.php?rest_route=\/wp\/v2\/pages\/455\/revisions\/676"}],"wp:attachment":[{"href":"https:\/\/www.lucentmaritime.com\/index.php?rest_route=%2Fwp%2Fv2%2Fmedia&parent=455"}],"curies":[{"name":"wp","href":"https:\/\/api.w.org\/{rel}","templated":true}]}}