{"id":581,"date":"2024-03-20T17:26:31","date_gmt":"2024-03-20T14:26:31","guid":{"rendered":"https:\/\/www.lucentmaritime.com\/?page_id=581"},"modified":"2025-03-07T00:21:47","modified_gmt":"2025-03-06T21:21:47","slug":"aydinlatma-metinleri","status":"publish","type":"page","link":"https:\/\/www.lucentmaritime.com\/?page_id=581","title":{"rendered":"Ayd\u0131nlatma Metinleri"},"content":{"rendered":"\n<ul class=\"wp-block-list\">\n<li><a href=\"http:\/\/www.lucentmaritime.com\/wp-content\/uploads\/2025\/01\/Makzume_KVK_Lucent_Aydinlatma_Musteri_20241219_V5-track.pdf\" target=\"_blank\" rel=\"noreferrer noopener\">Aday I\u0307\u015fveren\/M\u00fc\u015fteri \u0130\u015fveren Ayd\u0131nlatma Metni<\/a><\/li>\n\n\n\n<li><a href=\"http:\/\/www.lucentmaritime.com\/wp-content\/uploads\/2025\/01\/Makzume_KVK_Lucent_Aydinlatma_GemiA_20241219_V5.pdf\" target=\"_blank\" rel=\"noreferrer noopener\">Gemi \u0130nsan\u0131 Aday\u0131 Ayd\u0131nlatma Metni<\/a><\/li>\n\n\n\n<li><a href=\"https:\/\/www.lucentmaritime.com\/wp-content\/uploads\/2025\/01\/Makzume_KVK_Lucent_Aydinlatma_Tedarikci_isOrtagi__20241219_V5.pdf\" target=\"_blank\" rel=\"noreferrer noopener\">\u0130\u015f Orta\u011f\u0131\/Tedarik\u00e7i Ayd\u0131nlatma Metni<\/a><\/li>\n<\/ul>\n\n\n\n<p><\/p>\n","protected":false},"excerpt":{"rendered":"","protected":false},"author":1,"featured_media":0,"parent":0,"menu_order":0,"comment_status":"closed","ping_status":"closed","template":"template-fullwidth.php","meta":{"footnotes":""},"class_list":["post-581","page","type-page","status-publish","hentry"],"_links":{"self":[{"href":"https:\/\/www.lucentmaritime.com\/index.php?rest_route=\/wp\/v2\/pages\/581","targetHints":{"allow":["GET"]}}],"collection":[{"href":"https:\/\/www.lucentmaritime.com\/index.php?rest_route=\/wp\/v2\/pages"}],"about":[{"href":"https:\/\/www.lucentmaritime.com\/index.php?rest_route=\/wp\/v2\/types\/page"}],"author":[{"embeddable":true,"href":"https:\/\/www.lucentmaritime.com\/index.php?rest_route=\/wp\/v2\/users\/1"}],"replies":[{"embeddable":true,"href":"https:\/\/www.lucentmaritime.com\/index.php?rest_route=%2Fwp%2Fv2%2Fcomments&post=581"}],"version-history":[{"count":23,"href":"https:\/\/www.lucentmaritime.com\/index.php?rest_route=\/wp\/v2\/pages\/581\/revisions"}],"predecessor-version":[{"id":670,"href":"https:\/\/www.lucentmaritime.com\/index.php?rest_route=\/wp\/v2\/pages\/581\/revisions\/670"}],"wp:attachment":[{"href":"https:\/\/www.lucentmaritime.com\/index.php?rest_route=%2Fwp%2Fv2%2Fmedia&parent=581"}],"curies":[{"name":"wp","href":"https:\/\/api.w.org\/{rel}","templated":true}]}}